{"id":1053,"date":"2025-03-18T22:32:29","date_gmt":"2025-03-18T22:32:29","guid":{"rendered":"https:\/\/cityzen.eu\/?page_id=1053"},"modified":"2025-03-18T22:32:29","modified_gmt":"2025-03-18T22:32:29","slug":"impressum","status":"publish","type":"page","link":"https:\/\/cityzen.eu\/de\/impressum\/","title":{"rendered":"Impressum"},"content":{"rendered":"<h3 class=\"wp-block-heading\" data-start=\"27\" data-end=\"69\"><strong data-start=\"31\" data-end=\"67\">Angaben gem\u00e4\u00df \u00a7 5 TMG<\/strong><\/h3>\r\n<p data-start=\"71\" data-end=\"230\"><strong data-start=\"71\" data-end=\"106\">Cityzen Real Estate Investments<\/strong><br data-start=\"106\" data-end=\"109\" \/>Baruch Boker<br data-start=\"121\" data-end=\"124\" \/>Wiesenh\u00fcttenstr. 9a, 60329 Frankfurt am Main c\/o Boker<br data-start=\"178\" data-end=\"181\" \/><a rel=\"noopener\" data-start=\"181\" data-end=\"196\">info@cityzen.eu<\/a><br data-start=\"196\" data-end=\"199\" \/>00(49)1723569012<br data-start=\"215\" data-end=\"218\" \/>cityzen.eu<\/p>\r\n<h3 data-start=\"232\" data-end=\"295\"><strong data-start=\"236\" data-end=\"293\">Verantwortlich f\u00fcr den Inhalt nach \u00a7 18 Abs. 2 MStV<\/strong><\/h3>\r\n<p data-start=\"297\" data-end=\"372\"><strong data-start=\"297\" data-end=\"313\">Baruch Boker<\/strong><br data-start=\"313\" data-end=\"316\" \/>Wiesenh\u00fcttenstr. 9a, 60329 Frankfurt am Main c\/o Boker<\/p>\r\n<h3 data-start=\"374\" data-end=\"405\"><strong data-start=\"378\" data-end=\"403\">EU-Streitschlichtung<\/strong><\/h3>\r\n<p data-start=\"407\" data-end=\"621\">Die Europ\u00e4ische Kommission stellt eine Plattform zur Online-Streitbeilegung (OS) bereit:<br data-start=\"487\" data-end=\"490\" \/><a href=\"https:\/\/ec.europa.eu\/consumers\/odr\/\" target=\"_new\" rel=\"noopener\" data-start=\"490\" data-end=\"564\">https:\/\/ec.europa.eu\/consumers\/odr\/<\/a><br data-start=\"564\" data-end=\"567\" \/>Unsere E-Mail-Adresse finden Sie oben im Impressum.<\/p>\r\n<h3 data-start=\"623\" data-end=\"664\"><strong data-start=\"627\" data-end=\"662\">Haftung f\u00fcr Inhalte und Links<\/strong><\/h3>\r\n<p data-start=\"666\" data-end=\"979\">Die Inhalte unserer Seiten wurden mit gr\u00f6\u00dfter Sorgfalt erstellt. F\u00fcr die Richtigkeit, Vollst\u00e4ndigkeit und Aktualit\u00e4t der Inhalte k\u00f6nnen wir jedoch keine Gew\u00e4hr \u00fcbernehmen. Unsere Website enth\u00e4lt Links zu externen Webseiten Dritter, auf deren Inhalte wir keinen Einfluss haben. Deshalb \u00fcbernehmen wir f\u00fcr diese fremden Inhalte keine Gew\u00e4hr.<\/p>\r\n<h3 data-start=\"981\" data-end=\"1000\"><strong data-start=\"985\" data-end=\"998\">Urheberrecht<\/strong><\/h3>\r\n<p data-start=\"1002\" data-end=\"1300\">Die durch uns erstellten Inhalte und Werke auf dieser Website unterliegen dem deutschen Urheberrecht. Beitr\u00e4ge Dritter sind als solche gekennzeichnet. Die Vervielf\u00e4ltigung, Bearbeitung, Verbreitung und jede Art der Verwertung au\u00dferhalb der Grenzen des Urheberrechts bed\u00fcrfen der schriftlichen Zustimmung des jeweiligen Autors oder Erstellers.<\/p>","protected":false},"excerpt":{"rendered":"<p>Information according to \u00a7 5 TMG Cityzen Real Estate InvestmentsBaruch BokerWiesenh\u00fcttenstr. 9a, 60329 Frankfurt am Main c\/o Bokerinfo@cityzen.eu00(49)1723569012cityzen.eu Responsible for content according to \u00a7 18 Abs. 2 MStV Baruch BokerWiesenh\u00fcttenstr. 9a, 60329 Frankfurt am Main c\/o Boker EU Dispute Resolution The European Commission provides a platform for online dispute resolution (ODR):https:\/\/ec.europa.eu\/consumers\/odr\/Our email address can be [&hellip;]<\/p>\n","protected":false},"author":1,"featured_media":0,"parent":0,"menu_order":0,"comment_status":"closed","ping_status":"closed","template":"","meta":{"_coblocks_attr":"","_coblocks_dimensions":"","_coblocks_responsive_height":"","_coblocks_accordion_ie_support":"","site-sidebar-layout":"default","site-content-layout":"","ast-site-content-layout":"default","site-content-style":"default","site-sidebar-style":"default","ast-global-header-display":"","ast-banner-title-visibility":"","ast-main-header-display":"","ast-hfb-above-header-display":"","ast-hfb-below-header-display":"","ast-hfb-mobile-header-display":"","site-post-title":"","ast-breadcrumbs-content":"","ast-featured-img":"","footer-sml-layout":"","ast-disable-related-posts":"","theme-transparent-header-meta":"default","adv-header-id-meta":"","stick-header-meta":"","header-above-stick-meta":"","header-main-stick-meta":"","header-below-stick-meta":"","astra-migrate-meta-layouts":"set","ast-page-background-enabled":"default","ast-page-background-meta":{"desktop":{"background-color":"var(--ast-global-color-4)","background-image":"","background-repeat":"repeat","background-position":"center center","background-size":"auto","background-attachment":"scroll","background-type":"","background-media":"","overlay-type":"","overlay-color":"","overlay-opacity":"","overlay-gradient":""},"tablet":{"background-color":"","background-image":"","background-repeat":"repeat","background-position":"center center","background-size":"auto","background-attachment":"scroll","background-type":"","background-media":"","overlay-type":"","overlay-color":"","overlay-opacity":"","overlay-gradient":""},"mobile":{"background-color":"","background-image":"","background-repeat":"repeat","background-position":"center center","background-size":"auto","background-attachment":"scroll","background-type":"","background-media":"","overlay-type":"","overlay-color":"","overlay-opacity":"","overlay-gradient":""}},"ast-content-background-meta":{"desktop":{"background-color":"var(--ast-global-color-5)","background-image":"","background-repeat":"repeat","background-position":"center center","background-size":"auto","background-attachment":"scroll","background-type":"","background-media":"","overlay-type":"","overlay-color":"","overlay-opacity":"","overlay-gradient":""},"tablet":{"background-color":"var(--ast-global-color-5)","background-image":"","background-repeat":"repeat","background-position":"center center","background-size":"auto","background-attachment":"scroll","background-type":"","background-media":"","overlay-type":"","overlay-color":"","overlay-opacity":"","overlay-gradient":""},"mobile":{"background-color":"var(--ast-global-color-5)","background-image":"","background-repeat":"repeat","background-position":"center center","background-size":"auto","background-attachment":"scroll","background-type":"","background-media":"","overlay-type":"","overlay-color":"","overlay-opacity":"","overlay-gradient":""}},"footnotes":""},"class_list":["post-1053","page","type-page","status-publish","hentry"],"_links":{"self":[{"href":"https:\/\/cityzen.eu\/de\/wp-json\/wp\/v2\/pages\/1053","targetHints":{"allow":["GET"]}}],"collection":[{"href":"https:\/\/cityzen.eu\/de\/wp-json\/wp\/v2\/pages"}],"about":[{"href":"https:\/\/cityzen.eu\/de\/wp-json\/wp\/v2\/types\/page"}],"author":[{"embeddable":true,"href":"https:\/\/cityzen.eu\/de\/wp-json\/wp\/v2\/users\/1"}],"replies":[{"embeddable":true,"href":"https:\/\/cityzen.eu\/de\/wp-json\/wp\/v2\/comments?post=1053"}],"version-history":[{"count":2,"href":"https:\/\/cityzen.eu\/de\/wp-json\/wp\/v2\/pages\/1053\/revisions"}],"predecessor-version":[{"id":1059,"href":"https:\/\/cityzen.eu\/de\/wp-json\/wp\/v2\/pages\/1053\/revisions\/1059"}],"wp:attachment":[{"href":"https:\/\/cityzen.eu\/de\/wp-json\/wp\/v2\/media?parent=1053"}],"curies":[{"name":"wp","href":"https:\/\/api.w.org\/{rel}","templated":true}]}}